{"id":13,"date":"2024-01-01T13:17:09","date_gmt":"2024-01-01T13:17:09","guid":{"rendered":"http:\/\/www.mmsaarelaoy.fi\/?page_id=13"},"modified":"2024-01-01T16:40:22","modified_gmt":"2024-01-01T16:40:22","slug":"meista","status":"publish","type":"page","link":"https:\/\/www.mmsaarelaoy.fi\/index.php\/meista\/","title":{"rendered":"Meist\u00e4"},"content":{"rendered":"\n<p>M&amp;M Saarela Oy on vuonna 2021 perustettu posiolainen perheyritys. Olemme aloittaneet yritystoimintamme omilla toiminimill\u00e4mme. Hallinnon helpottamiseksi yhdistimme toiminnot yhden yrityksen alle. <\/p>\n\n\n\n<p>Milla aloitti MillaFIT- yritt\u00e4j\u00e4n\u00e4 vuonna 2016 personal training- palveluiden, ryhm\u00e4liikunnan sek\u00e4 ravintovalmennuspalveluiden tarjoamisen. Milla on my\u00f6s psyykkinen valmentaja. MillaFIT lopetti toimintansa maaliskuussa 2023.<\/p>\n\n\n\n<p>Markon yritys <a href=\"https:\/\/markosaarela.fi\/\">Tmi Marko Saarela<\/a> perustettiin vuonna 2017, ja sen on tarkoitus lopettaa toimintansa vuonna 2024.<\/p>\n\n\n\n<p><\/p>\n\n\n\n<p><strong>MISSIOMME:<\/strong><\/p>\n\n\n\n<p>Haluamme tarjota posiolaisten sek\u00e4 m\u00f6kkil\u00e4istemme vapaa-aikaa helpottavia palveluita. On helpompaa hakea m\u00f6kille\/kotiin vuokrav\u00e4lineit\u00e4 kuin hankkia niit\u00e4 kaikkia itselleen. <\/p>\n\n\n\n<p>Omalla toiminnallamme haluamme my\u00f6s helpottaa kuntamme ik\u00e4\u00e4ntyvien ihmisten arkea. Palveluitamme on mahdollista saada alv- vapaasti, sill\u00e4 olemme yksi sosiaalipalvelujen tukipalvelujen tuottajista. <\/p>\n\n\n\n<p><strong>ARVOMME:<\/strong><\/p>\n\n\n\n<p>Posiolaisuus<\/p>\n\n\n\n<p>Tuttuus<\/p>\n\n\n\n<p>Luotettavuus<\/p>\n\n\n\n<p>Ammattitaito<\/p>\n\n\n\n<p>Ilo<\/p>\n\n\n\n<figure class=\"wp-block-image size-large\"><img loading=\"lazy\" decoding=\"async\" width=\"1024\" height=\"768\" src=\"http:\/\/www.mmsaarelaoy.fi\/wp-content\/uploads\/2024\/01\/IMG_6491-1024x768.jpeg\" alt=\"\" class=\"wp-image-41\" srcset=\"https:\/\/www.mmsaarelaoy.fi\/wp-content\/uploads\/2024\/01\/IMG_6491-1024x768.jpeg 1024w, https:\/\/www.mmsaarelaoy.fi\/wp-content\/uploads\/2024\/01\/IMG_6491-300x225.jpeg 300w, https:\/\/www.mmsaarelaoy.fi\/wp-content\/uploads\/2024\/01\/IMG_6491-768x576.jpeg 768w, https:\/\/www.mmsaarelaoy.fi\/wp-content\/uploads\/2024\/01\/IMG_6491-1536x1152.jpeg 1536w, https:\/\/www.mmsaarelaoy.fi\/wp-content\/uploads\/2024\/01\/IMG_6491-2048x1536.jpeg 2048w\" sizes=\"auto, (max-width: 1024px) 100vw, 1024px\" \/><\/figure>\n","protected":false},"excerpt":{"rendered":"<p>M&amp;M Saarela Oy on vuonna 2021 perustettu posiolainen perheyritys. Olemme aloittaneet yritystoimintamme omilla toiminimill\u00e4mme. Hallinnon helpottamiseksi yhdistimme toiminnot yhden yrityksen alle. Milla aloitti MillaFIT- yritt\u00e4j\u00e4n\u00e4 vuonna 2016 personal training- palveluiden, ryhm\u00e4liikunnan sek\u00e4 ravintovalmennuspalveluiden tarjoamisen. Milla on my\u00f6s psyykkinen valmentaja. MillaFIT lopetti toimintansa maaliskuussa 2023. Markon yritys Tmi Marko Saarela perustettiin vuonna 2017, ja sen on [&hellip;]<\/p>\n","protected":false},"author":1,"featured_media":15,"parent":0,"menu_order":0,"comment_status":"closed","ping_status":"closed","template":"","meta":{"footnotes":""},"class_list":["post-13","page","type-page","status-publish","has-post-thumbnail","hentry"],"_links":{"self":[{"href":"https:\/\/www.mmsaarelaoy.fi\/index.php\/wp-json\/wp\/v2\/pages\/13","targetHints":{"allow":["GET"]}}],"collection":[{"href":"https:\/\/www.mmsaarelaoy.fi\/index.php\/wp-json\/wp\/v2\/pages"}],"about":[{"href":"https:\/\/www.mmsaarelaoy.fi\/index.php\/wp-json\/wp\/v2\/types\/page"}],"author":[{"embeddable":true,"href":"https:\/\/www.mmsaarelaoy.fi\/index.php\/wp-json\/wp\/v2\/users\/1"}],"replies":[{"embeddable":true,"href":"https:\/\/www.mmsaarelaoy.fi\/index.php\/wp-json\/wp\/v2\/comments?post=13"}],"version-history":[{"count":4,"href":"https:\/\/www.mmsaarelaoy.fi\/index.php\/wp-json\/wp\/v2\/pages\/13\/revisions"}],"predecessor-version":[{"id":42,"href":"https:\/\/www.mmsaarelaoy.fi\/index.php\/wp-json\/wp\/v2\/pages\/13\/revisions\/42"}],"wp:featuredmedia":[{"embeddable":true,"href":"https:\/\/www.mmsaarelaoy.fi\/index.php\/wp-json\/wp\/v2\/media\/15"}],"wp:attachment":[{"href":"https:\/\/www.mmsaarelaoy.fi\/index.php\/wp-json\/wp\/v2\/media?parent=13"}],"curies":[{"name":"wp","href":"https:\/\/api.w.org\/{rel}","templated":true}]}}